{"id":7162,"date":"2023-09-11T16:17:45","date_gmt":"2023-09-11T16:17:45","guid":{"rendered":"https:\/\/www.musictools.ro\/termeni-si-conditii\/"},"modified":"2026-03-26T00:38:22","modified_gmt":"2026-03-25T22:38:22","slug":"termeni-si-conditii","status":"publish","type":"page","link":"https:\/\/www.musictools.ro\/en\/termeni-si-conditii\/","title":{"rendered":"Termeni si conditii"},"content":{"rendered":"<p style=\"margin-bottom: 0in; font-size: 12px; color: #666666;\"><span style=\"font-weight: bold; font-size: 14px;\">TERMENI GENERALI<\/span><\/p>\n<p style=\"margin-top: 0.02in; margin-bottom: 0.02in; font-size: 12px; color: #666666;\"><span style=\"font-size: 14px;\">Pagina de internet\u00a0<\/span><a href=\"http:\/\/www.musictools.ro\/\" target=\"_blank\" rel=\"noopener\"><span style=\"font-size: 14px;\">www.musictools.ro<\/span><\/a><span style=\"font-size: 14px;\"> (\u00een continuare: \u201epagina de internet\u201d, \u201ewebsite\u201d sau \u201epagina\u201d) este creat\u0103 \u015fi administrat\u0103 de S.C. GOOD SOUND S.R.L.<\/span><\/p>\n<p style=\"margin-top: 0.02in; margin-bottom: 0.02in; font-size: 12px; color: #666666;\"><span style=\"font-size: 14px;\">Prin \u201eutilizator\u201d se \u00een\u0163elege orice persoan\u0103 care acceseaz\u0103 aceast\u0103 pagin\u0103 de internet.<\/span><\/p>\n<p style=\"margin-top: 0.02in; margin-bottom: 0.02in; font-size: 12px; color: #666666;\"><span style=\"font-weight: bold; font-size: 14px;\">Conditii de Utilizare \/ Limitarea responsabilitatii<\/span><\/p>\n<p style=\"margin-top: 0.02in; margin-bottom: 0.02in; font-size: 12px; color: #666666;\"><span style=\"font-size: 14px;\">Materialele de pe\u00a0<\/span><a href=\"http:\/\/www.musictools.ro\/\" target=\"_blank\" rel=\"noopener\"><span style=\"font-size: 14px;\">www.musictools.ro<\/span><\/a><span style=\"font-size: 14px;\">\u00a0(site web) sunt puse la dispozitie &#8222;ca atare&#8221; fara garantii de nici un fel, fie explicite sau implicite. In limita maxima admisa de legea \u00een vigoare, ne declinam orice responsabilitate, explicita sau implicita, incluzand dar nelimitandu-ne la responsabilitatile implicate \u00een comercializarea si adecvarea pentru un anumit scop. Nu garantam ca functiile continute de materialele de pe site nu vor avea erori. Nu oferim nici o garantie si nu oferim nici un fel de reprezentare \u00een ceea ce priveste folosirea sau rezultatele folosirii materialelor si a informatiilor de pe site \u00een ceea ce priveste siguranta, corectitudinea, acuratetea sau altele.\u00a0<\/span><a href=\"http:\/\/www.musictools.ro\/\" target=\"_blank\" rel=\"noopener\"><span style=\"font-size: 14px;\">www.musictools.ro<\/span><\/a><span style=\"font-size: 14px;\">\u00a0nu este \u00een nici un fel responsabil pentru nici un prejudiciu cauzat \u00een legatura cu folosirea serviciilor\u00a0<\/span><a href=\"http:\/\/www.musictools.ro\/\" target=\"_blank\" rel=\"noopener\"><span style=\"font-size: 14px;\">www.musictools.ro<\/span><\/a><span style=\"font-size: 14px;\">\u00a0.<\/span><\/p>\n<p style=\"margin-top: 0.02in; margin-bottom: 0.02in; font-size: 12px; color: #666666;\"><span style=\"font-size: 14px;\">Ne declinam explicit orice responsabilitate legata de acuratetea continutului sau disponibilitatea informatiei aflate pe site-uri care se leaga catre sau de la Site. Nu putem asigura faptul ca veti fi satisfacut de orice produs sau serviciu pe care \u00eel achizitionati de la un tert site care se leaga catre sau de la Site sau un continut provenind de la un tert pe Site-ul nostru.<\/span><\/p>\n<p style=\"margin-top: 10px; margin-bottom: 10px; font-size: 12px; color: #666666; line-height: 1.2;\"><span style=\"font-size: 14px;\">Va rugam sa va exercitati propria responsabilitate c\u00e2t timp navigati pe Internet folosind acest site (\u00a0<\/span><a href=\"http:\/\/www.musictools.ro\/\" target=\"_blank\" rel=\"noopener\"><span style=\"font-size: 14px;\">www.musictools.ro<\/span><\/a><span style=\"font-size: 14px;\">\u00a0). Ar trebui sa fiti constienti ca atunci c\u00e2nd va aflati pe site-ul\u00a0<\/span><a href=\"http:\/\/www.musictools.ro\/\" target=\"_blank\" rel=\"noopener\"><span style=\"font-size: 14px;\">www.musictools.ro<\/span><\/a><span style=\"font-size: 14px;\">\u00a0ati putea sa fiti directionat catre alte site-uri, asupra carora nu avem nici un control. Nu suntem responsabili pentru continutul altor site-uri de web.<\/span><br \/>\n<span style=\"font-size: 14px;\">Nu pretindem ca materialele de pe Site sunt acceptate sau disponibile pentru a fi folosite \u00een orice locatie \u00een parte. Cei care aleg sa acceseze Site-ul fac acest lucru din proprie initiativa si sunt responsabili de a respecta legile locale, daca si \u00een masura \u00een care aceastea sunt aplicabile.<\/span><br \/>\n<span style=\"font-size: 14px;\">Cum folosim datele cu caracter personal \u0219i care este temeiul juridic al prelucr\u0103rii<\/span><br \/>\n<span style=\"font-size: 14px;\">&#8211; Pentru a va trimite informatii pe care consideram ca v-ar fi utile, incluz\u00e2nd produsele noastre, informatii despre serviciile oferite si materiale publicitare \/ informative;<\/span><br \/>\n<span style=\"font-size: 14px;\">&#8211; Pentru a va furniza servicii avansate;<\/span><br \/>\n<span style=\"font-size: 14px;\">&#8211; Pentru a \u00eembunatati continutul paginii noastre de web;<\/span><br \/>\n<span style=\"font-size: 14px;\">&#8211; Continut personalizat al paginii si\/sau layout.<\/span><\/p>\n<p style=\"margin-top: 0.02in; margin-bottom: 0.02in; font-size: 12px; color: #666666;\"><span style=\"font-size: 14px;\">Acesti Termeni si Conditii sunt \u00een vigoare p\u00e2na la \u00eencetarea lor de oricare dintre parti. Puteti \u00eenceta acesti termeni si conditii \u00een orice moment prin \u00eencetarea folosirii sitului si distrugerea tuturor materialelor obtinute de pe Site si a tuturor documentelor conexe si a tuturor copiilor si a instalarilor ulterioare, fie efectuate sub acesti termeni sau \u00een alt fel. Acesti termeni vor \u00eenceta imediat si fara preaviz din partea noastra \u00een orice moment \u00een cazul \u00een care au fost \u00eencalcati oricare din termenii si conditiile de mai sus.<\/span><\/p>\n<p style=\"margin-top: 0.02in; margin-bottom: 0.02in; font-size: 12px; color: #666666;\"><span style=\"font-weight: bold; font-size: 14px;\">Politica de confidentialitate<\/span><\/p>\n<p style=\"margin-top: 0.02in; margin-bottom: 0.02in; font-size: 12px; color: #666666;\"><a href=\"http:\/\/www.musictools.ro\/\" target=\"_blank\" rel=\"noopener\"><span style=\"font-size: 14px;\">www.musictools.ro<\/span><\/a><span style=\"font-size: 14px;\">\u00a0respecta informatiile personale ale vizitatorilor site-ului nostru. Suntem dedicati protejarii datelor dvs. personale online. Folosim informatia pe care o colectam despre dumneavoastra pentru a va oferi serviciile pe care le-ati putea accesa prin intermediul sitului nostru. Tinem cont de faptul ca nu doriti ca informatiile personale pe care ni le furnizati sa fie distribuite nediscriminatoriu, si aici va informam cum colectam informatia, ce facem cu ea, cine are acces la ea si c\u00e2t control aveti asupra modului \u00een care e folosita.<\/span><\/p>\n<p style=\"margin-top: 0.02in; margin-bottom: 0.02in; font-size: 12px; color: #666666;\"><span style=\"font-weight: bold; font-size: 14px;\">Colectarea de informatii personale<\/span><\/p>\n<p style=\"margin-top: 0.02in; margin-bottom: 0.02in; font-size: 12px; color: #666666;\"><span style=\"font-size: 14px;\">Nu colectam nici un fel de informatie personala atunci c\u00e2nd navigati pur si simplu prin site-ul nostru.<\/span><\/p>\n<p style=\"margin-top: 0.02in; margin-bottom: 0.02in; font-size: 12px; color: #666666;\"><span style=\"font-size: 14px;\">Va cerem sa furnizati anumite informatii atunci c\u00e2nd folositi servicii \/ achizitionati produse de baza furnizate prin intermediul sitului nostru. Oricum, va putem cere, \u00een momentul \u00eenregistrarii sau \u00een oricare alte momente, sa ne furnizati adresa dumneavoastra de email. Nu sunteti supus nici unei obligatii de a ne furniza aceasta informatie. \u00censa, daca alegeti sa nu ne furnizati informatia ceruta, s-ar putea sa nu va putem oferi serviciul cerut.<\/span><\/p>\n<p style=\"margin-top: 10px; margin-bottom: 10px; font-size: 12px; color: #666666;\"><span style=\"text-decoration-line: underline; font-size: 14px;\">Aspecte generale<\/span><\/p>\n<p style=\"margin-top: 10px; margin-bottom: 10px; font-size: 12px; color: #666666;\"><span style=\"font-size: 14px;\">Putem prelucra datele dumneavoastr\u0103 cu caracter personal \u00een cazul \u00een care trebuie s\u0103 execut\u0103m un contract pe care l-am \u00eencheiat cu dumneavoastr\u0103; dac\u0103 trebuie s\u0103 respect\u0103m o obliga\u021bie legal\u0103 (de exemplu, legile aplicabile \u00een rela\u0163iile de munc\u0103, contabilitate, audit, monitorizarea egalit\u0103\u021bii de \u0219anse); atunci c\u00e2nd este necesar pentru interesele noastre legitime (sau pentru cele ale unei ter\u021be p\u0103r\u021bi) \u0219i pentru interesele dumneavoastr\u0103 (de exemplu, pentru detectarea \u0219i prevenirea fraudei sau pentru asigurarea securit\u0103\u021bii IT \u0219i a re\u021belelor), cu excep\u021bia cazului \u00een care drepturile dumneavoastr\u0103 fundamentale prevaleaz\u0103 fa\u021b\u0103 de aceste interese; dac\u0103 este necesar s\u0103 protej\u0103m interesele dumneavoastr\u0103 vitale (sau interesele vitale ale altor persoane); \u0219i\/sau \u00een cazul \u00een care este necesar pentru interesul public sau \u00een scopuri oficiale.<\/span><\/p>\n<p style=\"margin-top: 10px; margin-bottom: 10px; font-size: 12px; color: #666666;\"><span style=\"font-size: 14px;\">Prelucr\u0103m informa\u021biile dumneavoastr\u0103 cu caracter personal pentru diverse motive tehnice, administrative \u0219i opera\u021bionale, cum ar fi pentru a ne asigura de prezentarea con\u021binutului \u00een modul cel mai eficient pentru dumneavoastr\u0103 \u0219i pentru computerul dumneavoastr\u0103; pentru a \u00eembun\u0103t\u0103\u021bi Website-urile noastre, inclusiv func\u021bionalitatea acestuia; pentru administrarea Website-urilor noastre; pentru opera\u021biunile interne, inclusiv \u00een scopuri de depanare, analiz\u0103 a datelor, testare, cercetare, statistic\u0103 \u0219i de cercetare; pentru publicitate \u0219i marketing, inclusiv pentru scopuri de marketing specific, astfel \u00eenc\u00e2t s\u0103 oferim un con\u021binut, inclusiv un con\u021binut personalizat, care ar putea fi de interes mai mare pentru dumneavoastr\u0103; precum \u0219i ca parte a eforturilor noastre de a p\u0103stra Website-urile noastre \u00een siguran\u021b\u0103.<\/span><\/p>\n<p style=\"margin-top: 10px; margin-bottom: 10px; font-size: 12px; color: #666666;\"><span style=\"font-size: 14px;\">\u00cen unele cazuri, vom prelucra datele dumneavoastr\u0103 cu caracter personal doar cu consim\u021b\u0103m\u00e2ntul dumneavoastr\u0103. \u00cen aceste cazuri, v\u0103 vom solicita separat consim\u021b\u0103m\u00e2ntul dumneavoastr\u0103, \u00een mod transparent, atunci c\u00e2nd furniza\u021bi datele dumneavoastr\u0103 cu caracter personal.\u00a0<\/span><\/p>\n<p style=\"margin-top: 10px; margin-bottom: 10px; font-size: 12px; color: #666666;\"><span style=\"font-size: 14px;\">\u00cen cazul \u00een care solicit\u0103m date cu caracter personal pentru a respecta obliga\u021bii legale sau contractuale, furnizarea acestor date cu caracter personal de c\u0103tre dumneavoastr\u0103 este obligatorie. Acest lucru \u00eenseamn\u0103 c\u0103, dac\u0103 astfel de date cu caracter personal nu sunt furnizate, nu vom putea s\u0103 gestion\u0103m rela\u021biile contractuale sau s\u0103 respect\u0103m obliga\u021biile care ne sunt impuse. \u00cen toate celelalte cazuri, furnizarea de date cu caracter personal este op\u021bional\u0103 \u0219i nu ave\u021bi obliga\u021bia de a le furniza.<\/span><\/p>\n<p style=\"margin-top: 10px; margin-bottom: 10px; font-size: 12px; color: #666666;\"><span style=\"font-size: 14px;\">De asemenea, putem prelucra datele dumneavoastr\u0103 cu caracter personal, precum datele de identificare, datele de contact \u0219i adresa de re\u0219edin\u021b\u0103, \u00een scopul posibilei exercit\u0103ri a drepturilor sau a reclama\u021biilor noastre \u00eempotriva dumneavoastr\u0103 \u00een viitor. Aceast\u0103 prelucrare se bazeaz\u0103 pe interesul nostru legitim, fiind necesar s\u0103 ne exercit\u0103m drepturile \u00een cazul unor eventuale litigii.<\/span><\/p>\n<p style=\"margin-top: 0.02in; margin-bottom: 0.02in; font-size: 12px; color: #666666;\"><span style=\"font-weight: bold; font-size: 14px;\">Folosirea informatiei<\/span><\/p>\n<p style=\"margin-top: 0.02in; margin-bottom: 0.02in; font-size: 12px; color: #666666;\"><span style=\"font-size: 14px;\">Vom folosi informatia pe care ne-o furnizati doar \u00een urmatoarele scopuri:<\/span><\/p>\n<p style=\"margin-top: 0.02in; margin-bottom: 0.02in; font-size: 12px; color: #666666;\"><span style=\"font-size: 14px;\">&#8211; Pentru a va trimite parola uitata a contului personal;<\/span><\/p>\n<p style=\"margin-top: 0.02in; margin-bottom: 0.02in; font-size: 12px; color: #666666;\"><span style=\"font-weight: bold; font-size: 14px;\">Divulgarea informatiei<\/span><\/p>\n<p style=\"margin-top: 0.02in; margin-bottom: 0.02in; font-size: 12px; color: #666666;\"><span style=\"font-size: 14px;\">Nu vindem, nu facem schimb si nu \u00eenchiriem tertilor informatiile pe care ni le furnizati. Putem transfera aceste informatii catre alte persoane doar \u00een cazul \u00een care \u00eentregul site este v\u00e2ndut. S-ar putea sa fim nevoiti sa divulgam informatiile furnizate de dumneavoastra catre terti atunci c\u00e2nd acest lucru este cerut de lege sau atunci c\u00e2nd este necesar pentru functionarea unui serviciu pe care vi-l oferim (servicii curierat, tansport, instalare, punere in functiune, etc.). Putem oferi statistici despre vizitatori, v\u00e2nzari, trafic, etc catre terti v\u00e2nzatori, dar acestea nu vor include nici un fel de informatie identificatoare.<\/span><\/p>\n<p style=\"margin-top: 0.02in; margin-bottom: 0.02in; font-size: 12px; color: #666666;\"><span style=\"font-weight: bold; font-size: 14px;\">Fisiere log<\/span><\/p>\n<p style=\"margin-top: 0.02in; margin-bottom: 0.02in; font-size: 12px; color: #666666;\"><span style=\"font-size: 14px;\">Atunci cand vizitati Site-ul nostru, noi in mod automat inregistram IP-ul dumneavoastra si paginile vizitate. Acest lucru ne ajuta sa administram site-ul si sa colectam informatii demografice generale pentru utilizarea agregata.<\/span><\/p>\n<p style=\"margin-top: 0.02in; margin-bottom: 0.02in; font-size: 12px; color: #666666;\"><span style=\"font-size: 14px;\">Limitarea responsabilitatii in ceea ce priveste &#8222;cookie&#8221;-urile<\/span><\/p>\n<p style=\"margin-top: 0.02in; margin-bottom: 0.02in; font-size: 12px; color: #666666;\"><a name=\"_GoBack\"><\/a><span style=\"font-size: 14px;\">Un &#8222;cookie&#8221; este informatia inmagazinata pe computerul dumneavoastra de catre un server web si folosita pentru a adapta serviciul web care va este oferit intr-un anumit fel. Site-ul\u00a0<\/span><a href=\"http:\/\/www.musictools.ro\/\" target=\"_blank\" rel=\"noopener\"><span style=\"font-size: 14px;\">www.musictools.ro<\/span><\/a><span style=\"font-size: 14px;\">\u00a0foloseste cookie-uri pentru a depozita informatii despre interactiunile dumneavoastra, informatii de care ar putea sa fie ulterior nevoie pentru a efectua o functie. Puteti opta pentru a nu accepta cookie-uri si sa folositi \u00een continuare serviciile noastre. insa s-ar putea sa nu puteti folosi anumite elemente dependente de cookie-uri. Va rugam sa vedeti infomatia din meniul Ajutor\/Help al programului de navigare pentru instructiuni referitoare la modul in care se dezactiveaza cookie-urile.<\/span><\/p>\n<p style=\"margin-top: 0.02in; margin-bottom: 0.02in; font-size: 12px; color: #666666;\"><span style=\"font-weight: bold; font-size: 14px;\">Acceptarea acestor termeni<\/span><\/p>\n<p style=\"margin-top: 0.02in; margin-bottom: 0.02in; font-size: 12px; color: #666666;\"><span style=\"font-size: 14px;\">Acceptati colectarea si folosirea informatiillor de catre noi, si sa folosim aceste informatii \u00een concordanta cu politica de protejare a datelor personale descrisa mai sus. \u00cen cazul \u00een care ne schimbam aceasta politica \u00een orice fel, vom afisa aceste schimbari pe aceasta pagina.<\/span><\/p>","protected":false},"excerpt":{"rendered":"<p>TERMENI GENERALI Pagina de internet\u00a0www.musictools.ro (\u00een continuare: \u201epagina de internet\u201d, \u201ewebsite\u201d sau \u201epagina\u201d) este creat\u0103 \u015fi administrat\u0103 de S.C. GOOD SOUND S.R.L. Prin \u201eutilizator\u201d se \u00een\u0163elege orice persoan\u0103 care acceseaz\u0103 aceast\u0103 pagin\u0103 de internet. Conditii de Utilizare \/ Limitarea responsabilitatii Materialele de pe\u00a0www.musictools.ro\u00a0(site web) sunt puse la dispozitie &#8222;ca atare&#8221; fara garantii de nici un [&hellip;]<\/p>","protected":false},"author":1,"featured_media":0,"parent":0,"menu_order":0,"comment_status":"closed","ping_status":"closed","template":"","meta":{"footnotes":""},"class_list":["post-7162","page","type-page","status-publish","hentry"],"_links":{"self":[{"href":"https:\/\/www.musictools.ro\/en\/wp-json\/wp\/v2\/pages\/7162","targetHints":{"allow":["GET"]}}],"collection":[{"href":"https:\/\/www.musictools.ro\/en\/wp-json\/wp\/v2\/pages"}],"about":[{"href":"https:\/\/www.musictools.ro\/en\/wp-json\/wp\/v2\/types\/page"}],"author":[{"embeddable":true,"href":"https:\/\/www.musictools.ro\/en\/wp-json\/wp\/v2\/users\/1"}],"replies":[{"embeddable":true,"href":"https:\/\/www.musictools.ro\/en\/wp-json\/wp\/v2\/comments?post=7162"}],"version-history":[{"count":2,"href":"https:\/\/www.musictools.ro\/en\/wp-json\/wp\/v2\/pages\/7162\/revisions"}],"predecessor-version":[{"id":10925,"href":"https:\/\/www.musictools.ro\/en\/wp-json\/wp\/v2\/pages\/7162\/revisions\/10925"}],"wp:attachment":[{"href":"https:\/\/www.musictools.ro\/en\/wp-json\/wp\/v2\/media?parent=7162"}],"curies":[{"name":"wp","href":"https:\/\/api.w.org\/{rel}","templated":true}]}}