{"id":3,"date":"2023-09-11T16:07:54","date_gmt":"2023-09-11T14:07:54","guid":{"rendered":"https:\/\/www.musictools.ro\/?page_id=3"},"modified":"2026-03-26T23:28:31","modified_gmt":"2026-03-26T21:28:31","slug":"politica-de-confidentialitate","status":"publish","type":"page","link":"https:\/\/www.musictools.ro\/en\/politica-de-confidentialitate\/","title":{"rendered":"Politic\u0103 de confiden\u021bialitate"},"content":{"rendered":"<div data-elementor-type=\"wp-page\" data-elementor-id=\"3\" class=\"elementor elementor-3\" data-elementor-post-type=\"page\">\n\t\t\t\t\t\t<section class=\"elementor-section elementor-top-section elementor-element elementor-element-4b58e99c elementor-section-boxed elementor-section-height-default elementor-section-height-default\" data-id=\"4b58e99c\" data-element_type=\"section\">\n\t\t\t\t\t\t<div class=\"elementor-container elementor-column-gap-default\">\n\t\t\t\t\t<div class=\"elementor-column elementor-col-100 elementor-top-column elementor-element elementor-element-3b20fd16\" data-id=\"3b20fd16\" data-element_type=\"column\">\n\t\t\t<div class=\"elementor-widget-wrap elementor-element-populated\">\n\t\t\t\t\t\t<div class=\"elementor-element elementor-element-5b51730e elementor-widget elementor-widget-text-editor\" data-id=\"5b51730e\" data-element_type=\"widget\" data-widget_type=\"text-editor.default\">\n\t\t\t\t<div class=\"elementor-widget-container\">\n\t\t\t\t\t\t\t\t\t<p>Politica de confiden\u021bialitate se angajeaz\u0103 s\u0103 v\u0103 protejeze confiden\u021bialitatea. Contacta\u021bi-ne dac\u0103 ave\u021bi \u00eentreb\u0103ri sau probleme cu privire la utilizarea datelor dvs. personale \u0219i v\u0103 vom ajuta cu pl\u0103cere. Prin utilizarea acestui site sau a serviciilor noastre, sunte\u021bi de acord cu procesarea datelor dvs. personale a\u0219a cum este descris \u00een aceast\u0103 politic\u0103 de confiden\u021bialitate. Prezenta Politica de Confiden\u0163ialitate \u00eenseamn\u0103 faptul c\u0103 a\u0163i luat la cuno\u015ftin\u0163\u0103 de con\u0163inutul Politicii de Confiden\u0163ialitate, consim\u0163ind \u00een acela\u015fi timp, asupra prelucr\u0103rii datelor cu caracter personal cu specifica\u0163iile precizate mai jos.<\/p>\n<h3>Cuprins<\/h3>\n<ol>\n<li>\n<ol>\n<li><a href=\"https:\/\/www.musictools.ro\/politica-de-confidentialitate\/#gdpr-definitions\">Defini\u021biile utilizate \u00een aceast\u0103 politic\u0103<\/a><\/li>\n<li><a href=\"https:\/\/www.musictools.ro\/politica-de-confidentialitate\/#gdpr-principles\">Principiile de protec\u021bie a datelor pe care le urm\u0103m<\/a><\/li>\n<li><a href=\"https:\/\/www.musictools.ro\/politica-de-confidentialitate\/#gdpr-rights\">Ce drepturi ave\u021bi asupra datelor dvs. personale<\/a><\/li>\n<li><a href=\"https:\/\/www.musictools.ro\/politica-de-confidentialitate\/#gdpr-information\">Ce date personale colect\u0103m despre dvs.<\/a><\/li>\n<li><a href=\"https:\/\/www.musictools.ro\/politica-de-confidentialitate\/#gdpr-processing\">Cum folosim datele dvs. personale<\/a><\/li>\n<li><a href=\"https:\/\/www.musictools.ro\/politica-de-confidentialitate\/#gdpr-sharing\">Cine altcineva are acces la datele dvs. personale de date<\/a><\/li>\n<li><a href=\"https:\/\/www.musictools.ro\/politica-de-confidentialitate\/#gdpr-security\">Cum asigur\u0103m securitatea datelor<\/a><\/li>\n<li><a href=\"https:\/\/www.musictools.ro\/politica-de-confidentialitate\/#gdpr-cookies\">Informa\u021bii despre cookie-uri<\/a><\/li>\n<li><a href=\"https:\/\/www.musictools.ro\/politica-de-confidentialitate\/#gdpr-contact\">Informatii de contact<\/a><\/li>\n<\/ol>\n<\/li>\n<\/ol>\n<h3>Defini\u021bii<\/h3>\n<p><strong>Date personale<\/strong>\u00a0\u2013 orice informa\u021bie referitoare la o persoan\u0103 fizic\u0103 identificat\u0103 sau identificabil\u0103.\u00a0<\/p>\n<p><strong>Procesare<\/strong>\u00a0\u2013 orice opera\u021biune sau set de opera\u021biuni care se efectueaz\u0103 pe date personale sau pe seturi de date cu caracter personal.\u00a0<\/p>\n<p><strong>Persoana vizat\u0103<\/strong>\u00a0\/\u00a0<strong>Client\u00a0<\/strong>\u2013\u00a0o persoan\u0103 fizic\u0103 ale c\u0103rei date cu caracter personal sunt prelucrate.\u00a0<\/p>\n<p><strong>Copil<\/strong>\u00a0\u2013 persoan\u0103 fizic\u0103 sub 16 ani. www.musictools.ro<strong>\u00a0<\/strong>\u2013 MUSIC TOOLS SRL.\u00a0<\/p>\n<p><strong>Website<\/strong>\u00a0\u2013 site-ul\u00a0<a href=\"https:\/\/www.musictools.ro\/\">www.musictools.ro.ro<\/a>\u00a0<\/p>\n<p><strong>Politic\u0103<\/strong>\u00a0\u2013 politica de confiden\u021bialitate. Prezentele declara\u0163ii descriu principiile noastre generale \u00een ceea ce prive\u015fte prelucrarea datelor personale apar\u0163in\u00e2nd Clien\u0163ilor Website-ului (considera\u0163i a fi cump\u0103r\u0103tori ai oric\u0103rora dintre produsele sau serviciile disponibile pe Website) precum \u015fi cele apar\u0163in\u00e2nd vizitatorilor Website-ului. Vrem s\u0103 ne asigur\u0103m c\u0103 \u00een\u0163elege\u0163i modalit\u0103\u0163ile \u00een care vom folosi sau nu informa\u0163iile pe care ni le \u00eencredin\u0163a\u0163i. Pentru a \u00een\u0163elege propriile dumneavoastr\u0103 drepturi, v\u0103 sf\u0103tuim s\u0103 citi\u0163i prezenta Politic\u0103. \u00cen ceea ce prive\u015fte vizitatorii, www.musictools.ro a structurat Website-ul astfel \u00eenc\u00e2t, \u00een general, s\u0103 poat\u0103 fi vizitat f\u0103r\u0103 s\u0103 fie nevoie de identificarea sau dezv\u0103luirea niciunei informa\u0163ii personale. Informa\u0163iile de baz\u0103 colectate sunt folosite pentru analiza traficului, \u00eembun\u0103t\u0103\u0163irea con\u0163inutului Website-ului \u015fi a percep\u0163iei publice vizavi de acesta. \u00cen ceea ce prive\u015fte Clien\u0163ii sau posibilii Clien\u0163i, datele furnizate de ace\u015ftia pe parcursul \u00eencheierii contractului sau ulterior acestuia, vor fi folosite exclusiv \u00een vederea execut\u0103rii contractului dintre MUSIC TOOLS\u00a0 SRL \u015fi respectivul Client, nu vor fi transmise sub nicio form\u0103 c\u0103tre ter\u0163e persoane \u00een afar\u0103 de cele autorizate \u015fi nici nu vor face obiectul vreunei dezv\u0103luiri.<\/p>\n<h3>Principiile de protec\u021bie a datelor<\/h3>\n<p>Promitem s\u0103 respect\u0103m urm\u0103toarele principii privind protec\u021bia datelor:<\/p>\n<ul>\n<li>Procesarea este legal\u0103, corect\u0103, transparent\u0103. Activit\u0103\u021bile noastre de prelucrare au motive legale. \u00centotdeauna consider\u0103m drepturile dvs. \u00eenainte de prelucrarea datelor personale. V\u0103 vom oferi informa\u021bii privind prelucrarea la cerere.<\/li>\n<li>Procesarea este limitat\u0103 la scopul proces\u0103rii. Activit\u0103\u021bile noastre de procesare corespund scopului pentru care au fost colectate datele personale.<\/li>\n<li>Procesarea se face cu date minime. Noi colect\u0103m \u0219i proces\u0103m doar cantitatea minim\u0103 de date personale necesare pentru orice scop.<\/li>\n<li>Procesarea este limitat\u0103 cu o perioad\u0103 de timp. Nu vom stoca datele dvs. personale mai mult dec\u00e2t este necesar.<\/li>\n<li>Vom face tot posibilul pentru a asigura corectitudinea datelor.<\/li>\n<li>Vom face tot posibilul pentru a asigura integritatea \u0219i confiden\u021bialitatea datelor.<\/li>\n<\/ul>\n<h3>Drepturile persoanelor vizate<\/h3>\n<p>Subiectul datelor are urm\u0103toarele drepturi:<\/p>\n<ol>\n<li>Dreptul la informa\u021bie \u2013 ceea ce \u00eenseamn\u0103 c\u0103 trebuie s\u0103 \u0219ti\u021bi dac\u0103 datele dvs. personale sunt procesate; ce date sunt colectate, de unde sunt ob\u021binute \u0219i de ce \u0219i de cine sunt prelucrate.<\/li>\n<li>Dreptul de acces \u2013 ceea ce \u00eenseamn\u0103 c\u0103 ave\u021bi dreptul de a accesa datele colectate de la \/ despre dvs. Aceasta include dreptul dvs. de a solicita \u0219i de a ob\u021bine o copie a datelor dvs. personale culese.<\/li>\n<li>Dreptul la rectificare \u2013 ceea ce \u00eenseamn\u0103 c\u0103 ave\u021bi dreptul de a solicita rectificarea sau \u0219tergerea datelor dvs. personale care sunt inexacte sau incomplete.<\/li>\n<li>Dreptul de \u0219tergere \u2013 ceea ce \u00eenseamn\u0103 c\u0103 \u00een anumite circumstan\u021be pute\u021bi cere ca datele dvs. personale s\u0103 fie \u0219terse din \u00eenregistr\u0103rile noastre.<\/li>\n<li>Dreptul de a restric\u021biona procesarea \u2013 adic\u0103 \u00een cazul \u00een care se aplic\u0103 anumite condi\u021bii, ave\u021bi dreptul s\u0103 restric\u021biona\u021bi procesarea datelor dvs. personale.<\/li>\n<li>Dreptul de a se opune proces\u0103rii \u2013 adic\u0103 \u00een anumite cazuri ave\u021bi dreptul s\u0103 v\u0103 opune\u021bi proces\u0103rii datelor dvs. personale, de exemplu \u00een cazul marketingului direct.<\/li>\n<li>Dreptul de a se opune prelucr\u0103rii automate \u2013 ceea ce \u00eenseamn\u0103 c\u0103 ave\u021bi dreptul s\u0103 face\u021bi obiec\u021bii fa\u021b\u0103 de procesarea automat\u0103, inclusiv de profilare; \u0219i s\u0103 nu fac\u0103 obiectul unei decizii bazate exclusiv pe prelucrarea automat\u0103. Acest drept \u00eel pute\u021bi exercita ori de c\u00e2te ori exist\u0103 un rezultat al profil\u0103rii care produce efecte juridice care v\u0103 afecteaz\u0103 sau v\u0103 afecteaz\u0103 \u00een mod semnificativ.<\/li>\n<li>Dreptul la portabilitatea datelor \u2013 ave\u021bi dreptul s\u0103 ob\u021bine\u021bi datele dvs. personale \u00eentr-un format care poate fi citit de computer sau, dac\u0103 este posibil, ca un transfer direct de la un procesor la altul.<\/li>\n<li>Dreptul de a depune o pl\u00e2ngere \u2013 \u00een cazul \u00een care refuz\u0103m cererea dvs. \u00een baza Drepturilor de acces, v\u0103 vom oferi un motiv pentru motivul refuzului. Dac\u0103 nu sunte\u021bi mul\u021bumit de modul \u00een care a fost tratat\u0103 solicitarea dvs., v\u0103 rug\u0103m s\u0103 ne contacta\u021bi.<\/li>\n<li>Dreptul la ajutorul\u00a0<a href=\"https:\/\/www.musictools.ro\/politica-de-confidentialitate\/#gdpr-contact\">autorit\u0103\u021bii de supraveghere<\/a>\u00a0\u2013 ceea ce \u00eenseamn\u0103 c\u0103 ave\u021bi dreptul la ajutorul unei autorit\u0103\u021bi de supraveghere \u0219i dreptul la alte c\u0103i de atac, cum ar fi solicitarea de desp\u0103gubiri.<\/li>\n<li>Dreptul de a retrage consim\u021b\u0103m\u00e2ntul \u2013 ave\u021bi dreptul s\u0103 retrage\u021bi orice consim\u021b\u0103m\u00e2nt dat pentru procesarea datelor dvs. personale.<\/li>\n<\/ol>\n<h3>Datele pe care le adun\u0103m<\/h3>\n<p><strong>Informa\u021bii pe care ni le-a\u021bi furnizat<\/strong>\u00a0Aceasta poate fi adresa dvs. de e-mail, numele, adresa de facturare, adresa de domiciliu etc. \u2013 \u00een principal informa\u021biile necesare pentru livrarea unui produs \/ serviciu sau pentru a v\u0103 \u00eembun\u0103t\u0103\u021bi experien\u021ba de client cu noi. Salv\u0103m informa\u021biile pe care ni le furniza\u021bi pentru a putea comenta sau efectua alte activit\u0103\u021bi pe site. Aceste informa\u021bii includ, de exemplu, numele dvs. \u0219i adresa de e-mail. \u00cen cazul \u00een care vre\u0163i s\u0103 contracta\u0163i unele dintre serviciile sau produsele disponibile pe website, ve\u0163i pune la dispozi\u0163ia MUSIC TOOLS SRL at\u00e2t date de identificare c\u00e2t \u015fi date necesare \u00eendeplinirii procedurilor de facturare. Din momentul \u00een care ve\u0163i deveni client MUSIC TOOLS SRL, vom prelucra datele \u015fi informa\u0163iile referitoare la propriul dvs. cont de client c\u00e2t \u015fi \u00eenregistr\u0103rile de client (customer logs). \u00cen completare, vom stoca electronic propriile dvs. email-uri \u015fi alte comunica\u0163ii \u00een m\u0103sura \u00een care va fi necesar pentru trasmiterea acestor comunic\u0103ri. Scopul colect\u0103rii datelor este: \u00eencheierea \u0219i executarea contractului, eviden\u0163ierea financiar-contabil\u0103, emiterea facturilor, colectarea debitelor, marketing-ul \u015fi publicitatea produselor \u015fi serviciilor oferite de MUSIC TOOLS SRL. V\u0103 este pus\u0103 \u00een acest mod, la dispozi\u0163ia dvs, posibilitatea de a furniza datele dvs. personale, incluz\u00e2nd nume, prenume, cod numeric personal, serie \u015fi num\u0103r de buletin, adres\u0103 de domiciliu, adres\u0103 de e-mail, num\u0103r de telefon, acestea fiind necesare \u00eencheierii \u00een mod valabil a contractului pentru a beneficia de serviciile puse la dispozi\u0163ie de MUSIC TOOLS SRL. Refuzul dvs. de a furniza oricare din datele personale solicitate va determina ne\u00eencheierea contractului \u015fi, pe cale de consecin\u0163\u0103, imposibilitatea pentru dvs. de a beneficia de serviciile sau produsele ofertate pe website.\u00a0<\/p>\n<p><strong>Informa\u021biile colectate automat despre dvs.<\/strong>\u00a0Aceasta include informa\u021bii care sunt stocate automat de module cookie \u0219i alte instrumente de sesiune. De exemplu, informa\u021biile despre adresa IP, etc. Aceste informa\u021bii sunt utilizate pentru a v\u0103 \u00eembun\u0103t\u0103\u021bi experien\u021ba de client. C\u00e2nd utiliza\u021bi serviciile noastre sau c\u0103uta\u021bi con\u021binutul site-ului nostru, activit\u0103\u021bile dvs. pot fi \u00eenregistrate.<\/p>\n<p>\u00a0<strong>Informa\u021bii disponibile public<\/strong>\u00a0S-ar putea s\u0103 adun\u0103m informa\u021bii despre tine care sunt disponibile public.<\/p>\n<h3>Cum folosim datele dvs. personale<\/h3>\n<p>Noi folosim datele dvs. personale pentru:<\/p>\n<ul>\n<li>pentru a v\u0103 oferi serviciul nostru. Aceasta include, de exemplu, \u00eenregistrarea contului, \u00eencheierea \u0219i executarea contractului, eviden\u0163ierea financiar-contabil\u0103, emiterea facturilor, colectarea debitelor; oferindu-v\u0103 alte produse \u0219i servicii pe care le-a\u021bi solicitat; oferindu-v\u0103 elemente promo\u021bionale la cererea dvs. \u0219i comunic\u00e2nd cu dvs. \u00een leg\u0103tur\u0103 cu aceste produse \u0219i servicii; comunicarea \u0219i interac\u021biunea cu dvs.; \u0219i v\u0103 notific\u0103 despre modific\u0103rile aduse oric\u0103ror servicii.<\/li>\n<li>pentru a v\u0103 \u00eembun\u0103t\u0103\u021bi experien\u021ba de client;<\/li>\n<li>pentru a \u00eendeplini o obliga\u021bie \u00een conformitate cu legea sau contractul;<\/li>\n<\/ul>\n<p>Noi folosim datele dvs. personale pe motive legitime \u0219i \/ sau cu consim\u021b\u0103m\u00e2ntul dumneavoastr\u0103. Pe baza \u00eencheierii unui contract sau a \u00eendeplinirii obliga\u021biilor contractuale, v\u0103 proces\u0103m datele dvs. personale \u00een urm\u0103toarele scopuri:<\/p>\n<ul>\n<li>pentru a v\u0103 identifica;<\/li>\n<li>pentru a v\u0103 oferi un serviciu sau pentru a v\u0103 trimite \/ oferi un produs;<\/li>\n<li>pentru a comunica cu dvs. fie pentru v\u00e2nz\u0103ri, fie pentru facturare;<\/li>\n<\/ul>\n<p>Pe baza unui interes legitim, noi proces\u0103m datele dvs. personale \u00een urm\u0103toarele scopuri:<\/p>\n<ul>\n<li>pentru a v\u0103 trimite oferte personalizate (de la noi \u0219i \/ sau partenerii no\u0219tri atent selecta\u021bi);<\/li>\n<li>s\u0103 gestion\u0103m \u0219i s\u0103 analiz\u0103m baza noastr\u0103 de clien\u021bi (comportament \u0219i istoric de cump\u0103rare) pentru a \u00eembun\u0103t\u0103\u021bi calitatea, varietatea \u0219i disponibilitatea produselor \/ serviciilor oferite \/ furnizate;<\/li>\n<li>s\u0103 realiz\u0103m chestionare privind satisfac\u021bia clien\u021bilor;<\/li>\n<\/ul>\n<p>At\u00e2ta timp c\u00e2t nu ne-a\u021bi informat altfel, consider\u0103m a fi interesul nostru legitim oferirea de produse \/ servicii care sunt similare sau identice cu comportamentul dvs. privind istoricul de cump\u0103rare \/ navigare. Cu acordul dvs. vom procesa datele dvs. personale \u00een urm\u0103toarele scopuri:<\/p>\n<ul>\n<li>pentru a v\u0103 trimite buletine de \u0219tiri \u0219i oferte de campanie (de la noi \u0219i \/ sau partenerii no\u0219tri atent selecta\u021bi);<\/li>\n<li>pentru alte scopuri pentru care v-am cerut consim\u021b\u0103m\u00e2ntul dvs.;<\/li>\n<\/ul>\n<p>Noi procesam datele dvs. personale pentru a indeplini obligatiile care decurg din lege si \/ sau pentru a folosi datele dumneavoastra personale pentru optiunile prevazute de lege. Ne rezerv\u0103m dreptul de a anonimiza datele personale adunate \u0219i de a utiliza astfel de date. Vom folosi datele \u00een afara domeniului de aplicare al prezentei Politici numai atunci c\u00e2nd este anonim\u0103. Salv\u0103m informa\u021biile dvs. de facturare \u0219i alte informa\u021bii culese despre dvs. at\u00e2t timp c\u00e2t este necesar \u00een scopuri contabile sau alte obliga\u021bii care decurg din lege dar nu mai mult de 10 ani. Am putea procesa datele personale pentru alte scopuri care nu sunt men\u021bionate aici, dar sunt compatibile cu scopul original pentru care au fost colectate datele. Pentru a face acest lucru, ne vom asigura c\u0103:<\/p>\n<ul>\n<li>leg\u0103tura dintre scopurile, contextul \u0219i natura datelor personale este adecvat\u0103 pentru continuarea proces\u0103rii;<\/li>\n<li>procesarea \u00een continuare nu v\u0103 va afecta interesele \u0219i<\/li>\n<li>exist\u0103 o garan\u021bie adecvat\u0103 pentru procesare.<\/li>\n<\/ul>\n<p>V\u0103 vom informa despre orice procesare \u0219i scopuri ulterioare.<\/p>\n<h3>Cine altcineva poate accesa datele dvs. personale<\/h3>\n<p>Nu \u00eemp\u0103rt\u0103\u0219im datele personale cu str\u0103inii. Datele personale despre dvs. sunt furnizate, \u00een unele cazuri, partenerilor no\u0219tri de \u00eencredere pentru a v\u0103 oferi posibilitatea de a v\u0103 oferi serviciul sau pentru a \u00eembun\u0103t\u0103\u021bi experien\u021ba clien\u021bilor. MUSIC TOOLS SRL va pune la dispozi\u0163ia anumitor angaja\u0163i (de exemplu departamentul financiar-contabil, comercial, suport tehnic, facturare, juridic) informa\u0163ii \u015fi date personale furnizate de dvs. \u00een scopul exclusiv de furnizare corespunz\u0103toare a serviciilor. Fiecare dintre ace\u015fti angaja\u0163i va primi instruc\u0163iuni speciale \u00een ceea ce prive\u015fte prelucrarea propriilor dvs. date personale, MUSIC TOOLS SRL asum\u00e2ndu-\u015fi r\u0103spunderea \u00een ceea ce prive\u015fte modalitatea \u00een care angaja\u0163ii proprii \u00eenregistreaz\u0103, stocheaz\u0103, utilizeaz\u0103 aceste date.\u00a0<\/p>\n<p><strong>Ter\u021be p\u0103r\u021bi conectate:<\/strong><\/p>\n<ul>\n<li>Google<\/li>\n<li>Facebook<\/li>\n<\/ul>\n<p>Lucr\u0103m numai cu partenerii de procesare care sunt capabili s\u0103 asigure un nivel adecvat de protec\u021bie a datelor dvs. personale. Noi dezv\u0103luim datele dvs. personale ter\u021bilor sau func\u021bionarilor publici atunci c\u00e2nd suntem obliga\u021bi din punct de vedere legal s\u0103 facem acest lucru. Am putea dezv\u0103lui datele dvs. personale unor ter\u021be p\u0103r\u021bi dac\u0103 v-a\u021bi dat acordul sau dac\u0103 exist\u0103 alte motive legale pentru aceasta.<\/p>\n<h3>Cum asigur\u0103m securitatea datelor<\/h3>\n<p>Facem tot posibilul pentru a p\u0103stra datele dvs. personale \u00een siguran\u021b\u0103. Utiliz\u0103m protocoale sigure pentru comunicare \u0219i transfer de date (cum ar fi HTTPS). Folosim anonimizarea \u0219i pseudonimizarea acolo unde este potrivit. Monitoriz\u0103m sistemele noastre pentru posibile vulnerabilit\u0103\u021bi \u0219i atacuri. Chiar dac\u0103 \u00eencerc\u0103m tot ce putem, nu putem garanta securitatea informa\u021biilor. Cu toate acestea, promitem s\u0103 notific\u0103m autorit\u0103\u021bile competente privind \u00eenc\u0103lc\u0103rile datelor. De asemenea, v\u0103 vom anun\u021ba dac\u0103 exist\u0103 o amenin\u021bare la adresa drepturilor sau intereselor dvs. Vom face tot ce putem \u00een mod rezonabil pentru a preveni \u00eenc\u0103lcarea securit\u0103\u021bii \u0219i pentru a asista autorit\u0103\u021bile \u00een cazul \u00een care vor ap\u0103rea \u00eenc\u0103lc\u0103ri. Dac\u0103 ave\u021bi un cont la noi, re\u021bine\u021bi c\u0103 trebuie s\u0103 p\u0103stra\u021bi secrete numele dvs. de utilizator \u0219i parola.<\/p>\n<h3>Copii<\/h3>\n<p>Nu inten\u021bion\u0103m s\u0103 colect\u0103m sau s\u0103 colect\u0103m cu bun\u0103 \u0219tiin\u021b\u0103 informa\u021bii de la copii. Nu viz\u0103m copiii cu serviciile noastre.<\/p>\n<h3>Cookie-uri \u0219i alte tehnologii pe care le folosim<\/h3>\n<p>Utiliz\u0103m cookie-uri \u0219i \/ sau tehnologii similare pentru a analiza comportamentul clien\u021bilor, pentru a administra site-ul, a urm\u0103ri mi\u0219c\u0103rile utilizatorilor \u0219i pentru a colecta informa\u021bii despre utilizatori. Acest lucru se face pentru a v\u0103 personaliza \u0219i \u00eembun\u0103t\u0103\u021bi experien\u021ba cu noi. Un cookie este un fi\u0219ier text mic stocat pe computer. Cookie-urile stocheaz\u0103 informa\u021biile care sunt utilizate pentru a ajuta site-urile s\u0103 func\u021bioneze. Numai noi putem accesa cookie-urile create de site-ul nostru. Pute\u021bi controla modulele cookie la nivel de browser. Alegerea dezactiv\u0103rii cookie-urilor poate \u00eempiedica utilizarea anumitor func\u021bii.\u00a0<\/p>\n<p><strong>Utiliz\u0103m cookie-urile \u00een urm\u0103toarele scopuri:<\/strong><\/p>\n<ul>\n<li>Cookie-uri necesare \u2013 aceste module cookie sunt necesare pentru a putea utiliza c\u00e2teva func\u021bii importante pe site-ul nostru, cum ar fi conectarea. Aceste cookie-uri nu colecteaz\u0103 informa\u021bii personale.<\/li>\n<li>Cookie-uri pentru func\u021bionalit\u0103\u021bi \u2013 aceste cookie-uri ofer\u0103 func\u021bionalitate care face ca utilizarea serviciului nostru s\u0103 fie mai convenabil\u0103 \u0219i face posibil\u0103 oferirea de func\u021bii mai personalizate. De exemplu, acestea ar putea s\u0103-\u0219i aminteasc\u0103 numele \u0219i e-mailurile \u00een formularele de comentarii, astfel \u00eenc\u00e2t s\u0103 nu trebuiasc\u0103 s\u0103 reintroduce\u021bi aceast\u0103 informa\u021bie data viitoare c\u00e2nd comenta\u021bi. Aceste cookie-uri se salveaz\u0103 doar dac\u0103 accepta\u021bi salvarea lor prin bifarea casetei aferente din cadrul paginilor relevante de pe site.<\/li>\n<li>Cookie-urile pentru statistici (de exemplu, Google Analytics) \u2013 aceste cookie-uri sunt folosite pentru a urm\u0103ri utilizarea \u0219i performan\u021ba site-ului \u0219i a serviciilor noastre.\u00a0Am configurat acest serviciu s\u0103 nu colecteze informa\u021bii personale.<\/li>\n<\/ul>\n<p>Pute\u021bi elimina modulele cookie stocate \u00een computer prin set\u0103rile browserului. Alternativ, pute\u021bi controla anumite cookie-uri ter\u021b\u0103 parte utiliz\u00e2nd o platform\u0103 de \u00eembun\u0103t\u0103\u021bire a confiden\u021bialit\u0103\u021bii, cum ar fi\u00a0<a href=\"http:\/\/optout.aboutads.info\/#!\/\" target=\"_blank\" rel=\"noopener\">optout.aboutads.info<\/a>\u00a0sau\u00a0<a href=\"http:\/\/www.youronlinechoices.com\/\" target=\"_blank\" rel=\"noopener\">youronlinechoices.com<\/a>. Pentru mai multe informa\u021bii despre cookie-uri, vizita\u021bi\u00a0<a href=\"http:\/\/www.allaboutcookies.org\/\" target=\"_blank\" rel=\"noopener\">allaboutcookies.org<\/a>. Utiliz\u0103m Google Analytics pentru a m\u0103sura traficul pe site-ul nostru. Google are propria politic\u0103 de confiden\u021bialitate pe care o pute\u021bi revizui\u00a0<a href=\"https:\/\/support.google.com\/analytics\/answer\/6004245\" target=\"_blank\" rel=\"noopener\">aici<\/a>. Dac\u0103 dori\u021bi s\u0103 renun\u021ba\u021bi la urm\u0103rirea de c\u0103tre Google Analytics, vizita\u021bi\u00a0<a href=\"https:\/\/tools.google.com\/dlpage\/gaoptout\" target=\"_blank\" rel=\"noopener\">pagina Google Analytics<\/a>. V\u0103 reamintim c\u0103 informa\u021biile colectate de Google Analytics sunt configurate s\u0103 fie anonimizate. Nu facem profiluri demografice sau de remarketing.<\/p>\n<h3>Informa\u021bii de contact<\/h3>\n<p>Adres\u0103: Calea Rahovei, Nr 301, Sector 5, Bucure\u0219ti<\/p>\n<p>Fix: 021 367 35 05<\/p>\n<p>Mobil: 0721 265 806 \/ 0749 339 149<\/p>\n<p>Email: contact@musictools.ro<\/p>\n<div>\u00a0<\/div>\n<p><!-- \/wp:paragraph --><\/p>\t\t\t\t\t\t\t\t<\/div>\n\t\t\t\t<\/div>\n\t\t\t\t\t<\/div>\n\t\t<\/div>\n\t\t\t\t\t<\/div>\n\t\t<\/section>\n\t\t\t\t<\/div>","protected":false},"excerpt":{"rendered":"<p>Politica de confiden\u021bialitate se angajeaz\u0103 s\u0103 v\u0103 protejeze confiden\u021bialitatea. Contacta\u021bi-ne dac\u0103 ave\u021bi \u00eentreb\u0103ri sau probleme cu privire la utilizarea datelor dvs. personale \u0219i v\u0103 vom ajuta cu pl\u0103cere. Prin utilizarea acestui site sau a serviciilor noastre, sunte\u021bi de acord cu procesarea datelor dvs. personale a\u0219a cum este descris \u00een aceast\u0103 politic\u0103 de confiden\u021bialitate. Prezenta Politica [&hellip;]<\/p>","protected":false},"author":1,"featured_media":0,"parent":0,"menu_order":0,"comment_status":"closed","ping_status":"closed","template":"","meta":{"footnotes":""},"class_list":["post-3","page","type-page","status-publish","hentry"],"_links":{"self":[{"href":"https:\/\/www.musictools.ro\/en\/wp-json\/wp\/v2\/pages\/3","targetHints":{"allow":["GET"]}}],"collection":[{"href":"https:\/\/www.musictools.ro\/en\/wp-json\/wp\/v2\/pages"}],"about":[{"href":"https:\/\/www.musictools.ro\/en\/wp-json\/wp\/v2\/types\/page"}],"author":[{"embeddable":true,"href":"https:\/\/www.musictools.ro\/en\/wp-json\/wp\/v2\/users\/1"}],"replies":[{"embeddable":true,"href":"https:\/\/www.musictools.ro\/en\/wp-json\/wp\/v2\/comments?post=3"}],"version-history":[{"count":7,"href":"https:\/\/www.musictools.ro\/en\/wp-json\/wp\/v2\/pages\/3\/revisions"}],"predecessor-version":[{"id":10938,"href":"https:\/\/www.musictools.ro\/en\/wp-json\/wp\/v2\/pages\/3\/revisions\/10938"}],"wp:attachment":[{"href":"https:\/\/www.musictools.ro\/en\/wp-json\/wp\/v2\/media?parent=3"}],"curies":[{"name":"wp","href":"https:\/\/api.w.org\/{rel}","templated":true}]}}